{"id":1043,"date":"2022-03-09T15:12:44","date_gmt":"2022-03-09T18:12:44","guid":{"rendered":"https:\/\/fernandapattiarquitetura.com.br\/?post_type=product&#038;p=1043"},"modified":"2022-03-24T11:29:44","modified_gmt":"2022-03-24T14:29:44","slug":"bola-extintora-de-incendio-500g-mocelin","status":"publish","type":"product","link":"https:\/\/fernandapattiarquitetura.com.br\/?product=bola-extintora-de-incendio-500g-mocelin","title":{"rendered":"Bola extintora de inc\u00eandio 500g Mocelin"},"content":{"rendered":"<p>BOLA EXTINTOR AUTOM\u00c1TICO<\/p>\n<p>Super indicado para todo local!<br \/>\nEla acende em contato como FOGO, somente com contato com o fogo ela funciona.<br \/>\nIndicado para deixar em:<br \/>\n&#8211; Quadros El\u00e9tricos<br \/>\n&#8211; Servidores<br \/>\n&#8211; Centrais telef\u00f4nicas<br \/>\n&#8211; Cozinhas<br \/>\n&#8211; Central de g\u00e1s<br \/>\n&#8211; Em casa, na garagem.<br \/>\n&#8230;. Em qualquer lugar!<\/p>\n<p>Ela funciona autom\u00e1ticamente, n\u00e3o precisa ter ninguem perto. Em contato com o fogo, ela explode dentro de 3 a 10 segundos, e apagar o fogo ao redor.<\/p>\n<p>Abrang\u00eancia m\u00e1xima de 8 metros quadrados ou 3 metros cubicos.<\/p>\n","protected":false},"excerpt":{"rendered":"<p>BOLA EXTINTOR AUTOM\u00c1TICO Super indicado para todo local! Ela acende em contato como FOGO, somente com contato com o fogo ela funciona. Indicado para deixar em: &#8211; Quadros El\u00e9tricos &#8211; Servidores &#8211; Centrais telef\u00f4nicas &#8211; Cozinhas &#8211; Central de g\u00e1s &#8211; Em casa, na garagem. &#8230;. Em qualquer lugar! Ela funciona autom\u00e1ticamente, n\u00e3o precisa ter [&hellip;]<\/p>\n","protected":false},"featured_media":1044,"comment_status":"open","ping_status":"closed","template":"","meta":[],"product_cat":[19],"product_tag":[],"class_list":{"0":"post-1043","1":"product","2":"type-product","3":"status-publish","4":"has-post-thumbnail","6":"product_cat-sem-categoria","8":"first","9":"instock","10":"shipping-taxable","11":"purchasable","12":"product-type-simple"},"_links":{"self":[{"href":"https:\/\/fernandapattiarquitetura.com.br\/index.php?rest_route=\/wp\/v2\/product\/1043"}],"collection":[{"href":"https:\/\/fernandapattiarquitetura.com.br\/index.php?rest_route=\/wp\/v2\/product"}],"about":[{"href":"https:\/\/fernandapattiarquitetura.com.br\/index.php?rest_route=\/wp\/v2\/types\/product"}],"replies":[{"embeddable":true,"href":"https:\/\/fernandapattiarquitetura.com.br\/index.php?rest_route=%2Fwp%2Fv2%2Fcomments&post=1043"}],"wp:featuredmedia":[{"embeddable":true,"href":"https:\/\/fernandapattiarquitetura.com.br\/index.php?rest_route=\/wp\/v2\/media\/1044"}],"wp:attachment":[{"href":"https:\/\/fernandapattiarquitetura.com.br\/index.php?rest_route=%2Fwp%2Fv2%2Fmedia&parent=1043"}],"wp:term":[{"taxonomy":"product_cat","embeddable":true,"href":"https:\/\/fernandapattiarquitetura.com.br\/index.php?rest_route=%2Fwp%2Fv2%2Fproduct_cat&post=1043"},{"taxonomy":"product_tag","embeddable":true,"href":"https:\/\/fernandapattiarquitetura.com.br\/index.php?rest_route=%2Fwp%2Fv2%2Fproduct_tag&post=1043"}],"curies":[{"name":"wp","href":"https:\/\/api.w.org\/{rel}","templated":true}]}}