{"id":1039,"date":"2022-03-09T14:12:42","date_gmt":"2022-03-09T17:12:42","guid":{"rendered":"https:\/\/fernandapattiarquitetura.com.br\/?post_type=product&#038;p=1039"},"modified":"2022-03-09T14:15:31","modified_gmt":"2022-03-09T17:15:31","slug":"luminaria-de-emergencia-30-leds","status":"publish","type":"product","link":"https:\/\/fernandapattiarquitetura.com.br\/?product=luminaria-de-emergencia-30-leds","title":{"rendered":"Lumin\u00e1ria de emerg\u00eancia 30 leds"},"content":{"rendered":"<p>A\u00a0<strong>Lumin\u00e1ria de Emerg\u00eancia <\/strong>\u00e9 fabricada com a tecnologia LED, que permite alto desempenho de ilumina\u00e7\u00e3o associado a um baixo consumo de energia, baixa emiss\u00e3o de calor e alta durabilidade. F\u00e1cil de instalar e operar, acende automaticamente na falta de energia el\u00e9trica, proporcionando seguran\u00e7a e conforto.<\/p>\n","protected":false},"excerpt":{"rendered":"<p>A\u00a0Lumin\u00e1ria de Emerg\u00eancia \u00e9 fabricada com a tecnologia LED, que permite alto desempenho de ilumina\u00e7\u00e3o associado a um baixo consumo de energia, baixa emiss\u00e3o de calor e alta durabilidade. F\u00e1cil de instalar e operar, acende automaticamente na falta de energia el\u00e9trica, proporcionando seguran\u00e7a e conforto.<\/p>\n","protected":false},"featured_media":1040,"comment_status":"open","ping_status":"closed","template":"","meta":[],"product_cat":[19],"product_tag":[],"class_list":{"0":"post-1039","1":"product","2":"type-product","3":"status-publish","4":"has-post-thumbnail","6":"product_cat-sem-categoria","8":"first","9":"instock","10":"shipping-taxable","11":"purchasable","12":"product-type-simple"},"_links":{"self":[{"href":"https:\/\/fernandapattiarquitetura.com.br\/index.php?rest_route=\/wp\/v2\/product\/1039"}],"collection":[{"href":"https:\/\/fernandapattiarquitetura.com.br\/index.php?rest_route=\/wp\/v2\/product"}],"about":[{"href":"https:\/\/fernandapattiarquitetura.com.br\/index.php?rest_route=\/wp\/v2\/types\/product"}],"replies":[{"embeddable":true,"href":"https:\/\/fernandapattiarquitetura.com.br\/index.php?rest_route=%2Fwp%2Fv2%2Fcomments&post=1039"}],"wp:featuredmedia":[{"embeddable":true,"href":"https:\/\/fernandapattiarquitetura.com.br\/index.php?rest_route=\/wp\/v2\/media\/1040"}],"wp:attachment":[{"href":"https:\/\/fernandapattiarquitetura.com.br\/index.php?rest_route=%2Fwp%2Fv2%2Fmedia&parent=1039"}],"wp:term":[{"taxonomy":"product_cat","embeddable":true,"href":"https:\/\/fernandapattiarquitetura.com.br\/index.php?rest_route=%2Fwp%2Fv2%2Fproduct_cat&post=1039"},{"taxonomy":"product_tag","embeddable":true,"href":"https:\/\/fernandapattiarquitetura.com.br\/index.php?rest_route=%2Fwp%2Fv2%2Fproduct_tag&post=1039"}],"curies":[{"name":"wp","href":"https:\/\/api.w.org\/{rel}","templated":true}]}}