{"id":1038,"date":"2022-03-09T13:58:17","date_gmt":"2022-03-09T16:58:17","guid":{"rendered":"https:\/\/fernandapattiarquitetura.com.br\/?post_type=product&#038;p=1038"},"modified":"2022-03-09T13:59:30","modified_gmt":"2022-03-09T16:59:30","slug":"abrigo-de-hidrante-para-mangueira-70x50x25","status":"publish","type":"product","link":"https:\/\/fernandapattiarquitetura.com.br\/?product=abrigo-de-hidrante-para-mangueira-70x50x25","title":{"rendered":"ABRIGO DE HIDRANTE PARA MANGUEIRA 70X50X25"},"content":{"rendered":"<p>Abrigo para mangueiras de inc\u00eandio e hidrantes em chapa de a\u00e7o 20\u00a0pintado na cor vermelha.<br \/>\nPossui uma porta com visor e cesto meia lua interno fixo.<br \/>\nAcompanha placa em PVC com inscri\u00e7\u00e3o INC\u00caNDIO.<\/p>\n","protected":false},"excerpt":{"rendered":"<p>Abrigo para mangueiras de inc\u00eandio e hidrantes em chapa de a\u00e7o 20\u00a0pintado na cor vermelha. Possui uma porta com visor e cesto meia lua interno fixo. Acompanha placa em PVC com inscri\u00e7\u00e3o INC\u00caNDIO.<\/p>\n","protected":false},"featured_media":1031,"comment_status":"open","ping_status":"closed","template":"","meta":[],"product_cat":[31],"product_tag":[],"class_list":{"0":"post-1038","1":"product","2":"type-product","3":"status-publish","4":"has-post-thumbnail","6":"product_cat-equipamentos","8":"first","9":"instock","10":"shipping-taxable","11":"purchasable","12":"product-type-simple"},"_links":{"self":[{"href":"https:\/\/fernandapattiarquitetura.com.br\/index.php?rest_route=\/wp\/v2\/product\/1038"}],"collection":[{"href":"https:\/\/fernandapattiarquitetura.com.br\/index.php?rest_route=\/wp\/v2\/product"}],"about":[{"href":"https:\/\/fernandapattiarquitetura.com.br\/index.php?rest_route=\/wp\/v2\/types\/product"}],"replies":[{"embeddable":true,"href":"https:\/\/fernandapattiarquitetura.com.br\/index.php?rest_route=%2Fwp%2Fv2%2Fcomments&post=1038"}],"wp:featuredmedia":[{"embeddable":true,"href":"https:\/\/fernandapattiarquitetura.com.br\/index.php?rest_route=\/wp\/v2\/media\/1031"}],"wp:attachment":[{"href":"https:\/\/fernandapattiarquitetura.com.br\/index.php?rest_route=%2Fwp%2Fv2%2Fmedia&parent=1038"}],"wp:term":[{"taxonomy":"product_cat","embeddable":true,"href":"https:\/\/fernandapattiarquitetura.com.br\/index.php?rest_route=%2Fwp%2Fv2%2Fproduct_cat&post=1038"},{"taxonomy":"product_tag","embeddable":true,"href":"https:\/\/fernandapattiarquitetura.com.br\/index.php?rest_route=%2Fwp%2Fv2%2Fproduct_tag&post=1038"}],"curies":[{"name":"wp","href":"https:\/\/api.w.org\/{rel}","templated":true}]}}