{"id":1037,"date":"2022-03-09T13:43:06","date_gmt":"2022-03-09T16:43:06","guid":{"rendered":"https:\/\/fernandapattiarquitetura.com.br\/?post_type=product&#038;p=1037"},"modified":"2022-03-09T13:43:07","modified_gmt":"2022-03-09T16:43:07","slug":"extintor-co2-6kg","status":"publish","type":"product","link":"https:\/\/fernandapattiarquitetura.com.br\/?product=extintor-co2-6kg","title":{"rendered":"Extintor CO2 6kg"},"content":{"rendered":"<p>Extintores de CO2 Possuem pressuriza\u00e7\u00e3o direta e agente extintor a base de di\u00f3xido de carbono. Produzido a partir de tubo de a\u00e7o sem costura com acabamento em pintura vermelha eletrost\u00e1tica. Dispon\u00edvel nas vers\u00f5es: port\u00e1til e sobre rodas. Indicado para combater as classes de inc\u00eandio B (l\u00edquidos inflam\u00e1veis) e C (materiais el\u00e9tricos energizados). \u00c9 Ideal para extinguir inc\u00eandios em equipamentos energizados sem deixar res\u00edduos ap\u00f3s a utiliza\u00e7\u00e3o.<\/p>\n","protected":false},"excerpt":{"rendered":"<p>Extintores de CO2 Possuem pressuriza\u00e7\u00e3o direta e agente extintor a base de di\u00f3xido de carbono. Produzido a partir de tubo de a\u00e7o sem costura com acabamento em pintura vermelha eletrost\u00e1tica. Dispon\u00edvel nas vers\u00f5es: port\u00e1til e sobre rodas. Indicado para combater as classes de inc\u00eandio B (l\u00edquidos inflam\u00e1veis) e C (materiais el\u00e9tricos energizados). \u00c9 Ideal para [&hellip;]<\/p>\n","protected":false},"featured_media":1034,"comment_status":"open","ping_status":"closed","template":"","meta":[],"product_cat":[30],"product_tag":[],"class_list":{"0":"post-1037","1":"product","2":"type-product","3":"status-publish","4":"has-post-thumbnail","6":"product_cat-extintores","8":"first","9":"instock","10":"shipping-taxable","11":"purchasable","12":"product-type-simple"},"_links":{"self":[{"href":"https:\/\/fernandapattiarquitetura.com.br\/index.php?rest_route=\/wp\/v2\/product\/1037"}],"collection":[{"href":"https:\/\/fernandapattiarquitetura.com.br\/index.php?rest_route=\/wp\/v2\/product"}],"about":[{"href":"https:\/\/fernandapattiarquitetura.com.br\/index.php?rest_route=\/wp\/v2\/types\/product"}],"replies":[{"embeddable":true,"href":"https:\/\/fernandapattiarquitetura.com.br\/index.php?rest_route=%2Fwp%2Fv2%2Fcomments&post=1037"}],"wp:featuredmedia":[{"embeddable":true,"href":"https:\/\/fernandapattiarquitetura.com.br\/index.php?rest_route=\/wp\/v2\/media\/1034"}],"wp:attachment":[{"href":"https:\/\/fernandapattiarquitetura.com.br\/index.php?rest_route=%2Fwp%2Fv2%2Fmedia&parent=1037"}],"wp:term":[{"taxonomy":"product_cat","embeddable":true,"href":"https:\/\/fernandapattiarquitetura.com.br\/index.php?rest_route=%2Fwp%2Fv2%2Fproduct_cat&post=1037"},{"taxonomy":"product_tag","embeddable":true,"href":"https:\/\/fernandapattiarquitetura.com.br\/index.php?rest_route=%2Fwp%2Fv2%2Fproduct_tag&post=1037"}],"curies":[{"name":"wp","href":"https:\/\/api.w.org\/{rel}","templated":true}]}}