{"id":1036,"date":"2022-03-09T12:08:54","date_gmt":"2022-03-09T15:08:54","guid":{"rendered":"https:\/\/fernandapattiarquitetura.com.br\/?post_type=product&#038;p=1036"},"modified":"2022-03-09T12:08:54","modified_gmt":"2022-03-09T15:08:54","slug":"extintor-abc-6kg","status":"publish","type":"product","link":"https:\/\/fernandapattiarquitetura.com.br\/?product=extintor-abc-6kg","title":{"rendered":"Extintor ABC 6kg"},"content":{"rendered":"<p>Extintores de P\u00f3 Qu\u00edmico Seco \u2013 ABC Os extintores de uso m\u00faltiplo para as classes A, B e C utilizam Monofosfato de Am\u00f4nia siliconizado como agente extintor. O agente p\u00f3 ABC isola quimicamente os materiais combust\u00edveis de classe A , derretendo e aderindo \u00e0 superf\u00edcie do material em combust\u00e3o. Atua abafando e interrompendo a rea\u00e7\u00e3o em cadeia de inc\u00eandios da classe B. N\u00e3o \u00e9 condutor de eletricidade. Devido \u00e0 sua f\u00e1cil opera\u00e7\u00e3o e uso universal, os extintores ABC s\u00e3o indicados para prote\u00e7\u00e3o residencial e comercial, com aplica\u00e7\u00f5es para a ind\u00fastria. Extintores port\u00e1teis leves, de f\u00e1cil manuseio e alta efici\u00eancia, muito utilizados no combate a princ\u00edpios de inc\u00eandio que requerem f\u00e1cil deslocamento do equipamento para proporcionar a prote\u00e7\u00e3o de \u00e1reas pequenas e m\u00e9dias. Capacidade nominal: 6 Kg. Capacidade extintora: 4-A:40-B:C<\/p>\n","protected":false},"excerpt":{"rendered":"<p>Extintores de P\u00f3 Qu\u00edmico Seco \u2013 ABC Os extintores de uso m\u00faltiplo para as classes A, B e C utilizam Monofosfato de Am\u00f4nia siliconizado como agente extintor. O agente p\u00f3 ABC isola quimicamente os materiais combust\u00edveis de classe A , derretendo e aderindo \u00e0 superf\u00edcie do material em combust\u00e3o. Atua abafando e interrompendo a rea\u00e7\u00e3o [&hellip;]<\/p>\n","protected":false},"featured_media":1030,"comment_status":"open","ping_status":"closed","template":"","meta":[],"product_cat":[19],"product_tag":[],"class_list":{"0":"post-1036","1":"product","2":"type-product","3":"status-publish","4":"has-post-thumbnail","6":"product_cat-sem-categoria","8":"first","9":"instock","10":"shipping-taxable","11":"purchasable","12":"product-type-simple"},"_links":{"self":[{"href":"https:\/\/fernandapattiarquitetura.com.br\/index.php?rest_route=\/wp\/v2\/product\/1036"}],"collection":[{"href":"https:\/\/fernandapattiarquitetura.com.br\/index.php?rest_route=\/wp\/v2\/product"}],"about":[{"href":"https:\/\/fernandapattiarquitetura.com.br\/index.php?rest_route=\/wp\/v2\/types\/product"}],"replies":[{"embeddable":true,"href":"https:\/\/fernandapattiarquitetura.com.br\/index.php?rest_route=%2Fwp%2Fv2%2Fcomments&post=1036"}],"wp:featuredmedia":[{"embeddable":true,"href":"https:\/\/fernandapattiarquitetura.com.br\/index.php?rest_route=\/wp\/v2\/media\/1030"}],"wp:attachment":[{"href":"https:\/\/fernandapattiarquitetura.com.br\/index.php?rest_route=%2Fwp%2Fv2%2Fmedia&parent=1036"}],"wp:term":[{"taxonomy":"product_cat","embeddable":true,"href":"https:\/\/fernandapattiarquitetura.com.br\/index.php?rest_route=%2Fwp%2Fv2%2Fproduct_cat&post=1036"},{"taxonomy":"product_tag","embeddable":true,"href":"https:\/\/fernandapattiarquitetura.com.br\/index.php?rest_route=%2Fwp%2Fv2%2Fproduct_tag&post=1036"}],"curies":[{"name":"wp","href":"https:\/\/api.w.org\/{rel}","templated":true}]}}