{"id":1035,"date":"2022-03-09T12:03:50","date_gmt":"2022-03-09T15:03:50","guid":{"rendered":"https:\/\/fernandapattiarquitetura.com.br\/?post_type=product&#038;p=1035"},"modified":"2022-03-09T12:05:26","modified_gmt":"2022-03-09T15:05:26","slug":"extintor-bc-6kg","status":"publish","type":"product","link":"https:\/\/fernandapattiarquitetura.com.br\/?product=extintor-bc-6kg","title":{"rendered":"Extintor BC 6KG"},"content":{"rendered":"<p>Extintores de P\u00f3 Qu\u00edmico Seco \u2013 BC Estes equipamentos s\u00e3o fabricados em acordo com a norma ABNT NBR 15808 e 15809, utilizam agente extintor \u00e0 base de Bicarbonato de S\u00f3dio. S\u00e3o extintores indicados para combater inc\u00eandios da classe B (l\u00edquidos inflam\u00e1veis) e C (equipamentos el\u00e9tricos). O agente extintor atua rapidamente sobre os materiais, resfriando-os, provocando o abafamento e interrompendo a cadeia de rea\u00e7\u00f5es qu\u00edmicas necess\u00e1rias \u00e0 alimenta\u00e7\u00e3o da rea\u00e7\u00e3o de combust\u00e3o. Em contato com superf\u00edcies quentes, este p\u00f3 n\u00e3o adere a superf\u00edcie, o que permite f\u00e1cil limpeza ap\u00f3s a extin\u00e7\u00e3o do fogo. Extintores port\u00e1teis leves, de f\u00e1cil manuseio e alta efici\u00eancia, muito utilizados no combate a princ\u00edpios de inc\u00eandio que requerem f\u00e1cil deslocamento do equipamento para proporcionar a prote\u00e7\u00e3o de \u00e1reas pequenas e m\u00e9dias. Capacidade nominal: 6 Kg. Capacidade extintora: 20-B:C.<\/p>\n","protected":false},"excerpt":{"rendered":"<p>Extintores de P\u00f3 Qu\u00edmico Seco \u2013 BC Estes equipamentos s\u00e3o fabricados em acordo com a norma ABNT NBR 15808 e 15809, utilizam agente extintor \u00e0 base de Bicarbonato de S\u00f3dio. S\u00e3o extintores indicados para combater inc\u00eandios da classe B (l\u00edquidos inflam\u00e1veis) e C (equipamentos el\u00e9tricos). O agente extintor atua rapidamente sobre os materiais, resfriando-os, provocando [&hellip;]<\/p>\n","protected":false},"featured_media":1033,"comment_status":"open","ping_status":"closed","template":"","meta":[],"product_cat":[19],"product_tag":[],"class_list":{"0":"post-1035","1":"product","2":"type-product","3":"status-publish","4":"has-post-thumbnail","6":"product_cat-sem-categoria","8":"first","9":"instock","10":"shipping-taxable","11":"purchasable","12":"product-type-simple"},"_links":{"self":[{"href":"https:\/\/fernandapattiarquitetura.com.br\/index.php?rest_route=\/wp\/v2\/product\/1035"}],"collection":[{"href":"https:\/\/fernandapattiarquitetura.com.br\/index.php?rest_route=\/wp\/v2\/product"}],"about":[{"href":"https:\/\/fernandapattiarquitetura.com.br\/index.php?rest_route=\/wp\/v2\/types\/product"}],"replies":[{"embeddable":true,"href":"https:\/\/fernandapattiarquitetura.com.br\/index.php?rest_route=%2Fwp%2Fv2%2Fcomments&post=1035"}],"wp:featuredmedia":[{"embeddable":true,"href":"https:\/\/fernandapattiarquitetura.com.br\/index.php?rest_route=\/wp\/v2\/media\/1033"}],"wp:attachment":[{"href":"https:\/\/fernandapattiarquitetura.com.br\/index.php?rest_route=%2Fwp%2Fv2%2Fmedia&parent=1035"}],"wp:term":[{"taxonomy":"product_cat","embeddable":true,"href":"https:\/\/fernandapattiarquitetura.com.br\/index.php?rest_route=%2Fwp%2Fv2%2Fproduct_cat&post=1035"},{"taxonomy":"product_tag","embeddable":true,"href":"https:\/\/fernandapattiarquitetura.com.br\/index.php?rest_route=%2Fwp%2Fv2%2Fproduct_tag&post=1035"}],"curies":[{"name":"wp","href":"https:\/\/api.w.org\/{rel}","templated":true}]}}