{"id":1029,"date":"2022-03-09T11:59:44","date_gmt":"2022-03-09T14:59:44","guid":{"rendered":"https:\/\/fernandapattiarquitetura.com.br\/?post_type=product&#038;p=1029"},"modified":"2022-03-09T11:59:45","modified_gmt":"2022-03-09T14:59:45","slug":"extintor-ap-10-lts","status":"publish","type":"product","link":"https:\/\/fernandapattiarquitetura.com.br\/?product=extintor-ap-10-lts","title":{"rendered":"Extintor AP 10 Lts"},"content":{"rendered":"<p>Extintor AP 10 lts<br \/>\nO extintor de \u00e1gua pressurizada \u00e9 uma combina\u00e7\u00e3o de dois agentes: \u00e1gua e g\u00e1s propulsor (nitrog\u00eanio).<br \/>\nEle combate inc\u00eandios da classe A, ou seja, os que s\u00e3o causados por papel, tecido, madeira, pl\u00e1stico, papel\u00e3o, borrachas, estofamento, fibras org\u00e2nicas e outros materiais an\u00e1logos.<br \/>\nPor conta da sua capacidade de vaporiza\u00e7\u00e3o, esse tipo de extintor age por meio do resfriamento e do abafamento do material que est\u00e1 em chamas. Entretanto, o extintor de \u00e1gua pressurizada jamais deve ser utilizado em inc\u00eandios que envolvam equipamentos el\u00e9tricos ou materiais reativos, pois pode prejudicar ainda mais a situa\u00e7\u00e3o.<\/p>\n<p>Validade 1 ano<\/p>\n","protected":false},"excerpt":{"rendered":"<p>Extintor AP 10 lts O extintor de \u00e1gua pressurizada \u00e9 uma combina\u00e7\u00e3o de dois agentes: \u00e1gua e g\u00e1s propulsor (nitrog\u00eanio). Ele combate inc\u00eandios da classe A, ou seja, os que s\u00e3o causados por papel, tecido, madeira, pl\u00e1stico, papel\u00e3o, borrachas, estofamento, fibras org\u00e2nicas e outros materiais an\u00e1logos. Por conta da sua capacidade de vaporiza\u00e7\u00e3o, esse tipo [&hellip;]<\/p>\n","protected":false},"featured_media":1032,"comment_status":"open","ping_status":"closed","template":"","meta":[],"product_cat":[30],"product_tag":[],"class_list":{"0":"post-1029","1":"product","2":"type-product","3":"status-publish","4":"has-post-thumbnail","6":"product_cat-extintores","8":"first","9":"instock","10":"shipping-taxable","11":"purchasable","12":"product-type-simple"},"_links":{"self":[{"href":"https:\/\/fernandapattiarquitetura.com.br\/index.php?rest_route=\/wp\/v2\/product\/1029"}],"collection":[{"href":"https:\/\/fernandapattiarquitetura.com.br\/index.php?rest_route=\/wp\/v2\/product"}],"about":[{"href":"https:\/\/fernandapattiarquitetura.com.br\/index.php?rest_route=\/wp\/v2\/types\/product"}],"replies":[{"embeddable":true,"href":"https:\/\/fernandapattiarquitetura.com.br\/index.php?rest_route=%2Fwp%2Fv2%2Fcomments&post=1029"}],"wp:featuredmedia":[{"embeddable":true,"href":"https:\/\/fernandapattiarquitetura.com.br\/index.php?rest_route=\/wp\/v2\/media\/1032"}],"wp:attachment":[{"href":"https:\/\/fernandapattiarquitetura.com.br\/index.php?rest_route=%2Fwp%2Fv2%2Fmedia&parent=1029"}],"wp:term":[{"taxonomy":"product_cat","embeddable":true,"href":"https:\/\/fernandapattiarquitetura.com.br\/index.php?rest_route=%2Fwp%2Fv2%2Fproduct_cat&post=1029"},{"taxonomy":"product_tag","embeddable":true,"href":"https:\/\/fernandapattiarquitetura.com.br\/index.php?rest_route=%2Fwp%2Fv2%2Fproduct_tag&post=1029"}],"curies":[{"name":"wp","href":"https:\/\/api.w.org\/{rel}","templated":true}]}}