{"id":223,"date":"2021-05-18T21:13:29","date_gmt":"2021-05-19T00:13:29","guid":{"rendered":"https:\/\/fernandapattiarquitetura.com.br\/?page_id=223"},"modified":"2022-02-22T14:53:29","modified_gmt":"2022-02-22T17:53:29","slug":"quem-somos","status":"publish","type":"page","link":"https:\/\/fernandapattiarquitetura.com.br\/?page_id=223","title":{"rendered":"Quem Somos"},"content":{"rendered":"\t\t<div data-elementor-type=\"wp-page\" data-elementor-id=\"223\" class=\"elementor elementor-223\" data-elementor-settings=\"[]\">\n\t\t\t\t\t\t\t<div class=\"elementor-section-wrap\">\n\t\t\t\t\t\t\t<section class=\"elementor-section elementor-top-section elementor-element elementor-element-7d575cf elementor-section-height-min-height elementor-section-stretched elementor-section-boxed elementor-section-height-default elementor-section-items-middle\" data-id=\"7d575cf\" data-element_type=\"section\" data-settings=\"{&quot;stretch_section&quot;:&quot;section-stretched&quot;,&quot;background_background&quot;:&quot;classic&quot;,&quot;background_motion_fx_mouseTrack_effect&quot;:&quot;yes&quot;,&quot;background_motion_fx_motion_fx_mouse&quot;:&quot;yes&quot;,&quot;background_motion_fx_mouseTrack_speed&quot;:{&quot;unit&quot;:&quot;px&quot;,&quot;size&quot;:1,&quot;sizes&quot;:[]}}\">\n\t\t\t\t\t\t\t<div class=\"elementor-background-overlay\"><\/div>\n\t\t\t\t\t\t\t<div class=\"elementor-container elementor-column-gap-no\">\n\t\t\t\t\t<div class=\"elementor-column elementor-col-100 elementor-top-column elementor-element elementor-element-11f3776\" data-id=\"11f3776\" data-element_type=\"column\">\n\t\t\t<div class=\"elementor-widget-wrap elementor-element-populated\">\n\t\t\t\t\t\t\t\t\t<\/div>\n\t\t<\/div>\n\t\t\t\t\t\t\t<\/div>\n\t\t<\/section>\n\t\t\t\t<section class=\"elementor-section elementor-top-section elementor-element elementor-element-52edb24 elementor-section-boxed elementor-section-height-default elementor-section-height-default\" data-id=\"52edb24\" data-element_type=\"section\">\n\t\t\t\t\t\t<div class=\"elementor-container elementor-column-gap-default\">\n\t\t\t\t\t<div class=\"elementor-column elementor-col-50 elementor-top-column elementor-element elementor-element-24834f4\" data-id=\"24834f4\" data-element_type=\"column\">\n\t\t\t<div class=\"elementor-widget-wrap elementor-element-populated\">\n\t\t\t\t\t\t\t\t<div class=\"elementor-element elementor-element-c75d53b elementor-widget elementor-widget-image\" data-id=\"c75d53b\" data-element_type=\"widget\" data-widget_type=\"image.default\">\n\t\t\t\t<div class=\"elementor-widget-container\">\n\t\t\t\t\t\t\t\t\t\t\t\t\t\t\t<img loading=\"lazy\" decoding=\"async\" width=\"720\" height=\"720\" src=\"https:\/\/fernandapattiarquitetura.com.br\/wp-content\/uploads\/2021\/05\/especialista.jpeg\" class=\"attachment-large size-large\" alt=\"\" srcset=\"https:\/\/fernandapattiarquitetura.com.br\/wp-content\/uploads\/2021\/05\/especialista.jpeg 720w, https:\/\/fernandapattiarquitetura.com.br\/wp-content\/uploads\/2021\/05\/especialista-300x300.jpeg 300w, https:\/\/fernandapattiarquitetura.com.br\/wp-content\/uploads\/2021\/05\/especialista-100x100.jpeg 100w, https:\/\/fernandapattiarquitetura.com.br\/wp-content\/uploads\/2021\/05\/especialista-600x600.jpeg 600w, https:\/\/fernandapattiarquitetura.com.br\/wp-content\/uploads\/2021\/05\/especialista-150x150.jpeg 150w\" sizes=\"(max-width: 720px) 100vw, 720px\" \/>\t\t\t\t\t\t\t\t\t\t\t\t\t\t\t<\/div>\n\t\t\t\t<\/div>\n\t\t\t\t\t<\/div>\n\t\t<\/div>\n\t\t\t\t<div class=\"elementor-column elementor-col-50 elementor-top-column elementor-element elementor-element-183ae2d\" data-id=\"183ae2d\" data-element_type=\"column\">\n\t\t\t<div class=\"elementor-widget-wrap elementor-element-populated\">\n\t\t\t\t\t\t\t\t<div class=\"elementor-element elementor-element-2ff98d7 elementor-widget elementor-widget-heading\" data-id=\"2ff98d7\" data-element_type=\"widget\" data-widget_type=\"heading.default\">\n\t\t\t\t<div class=\"elementor-widget-container\">\n\t\t\t<h2 class=\"elementor-heading-title elementor-size-default\">Quem Somos<\/h2>\t\t<\/div>\n\t\t\t\t<\/div>\n\t\t\t\t<div class=\"elementor-element elementor-element-e2fc72b elementor-widget elementor-widget-text-editor\" data-id=\"e2fc72b\" data-element_type=\"widget\" data-widget_type=\"text-editor.default\">\n\t\t\t\t<div class=\"elementor-widget-container\">\n\t\t\t\t\t\t\t<p>Contamos com uma equipe de profissionais qualificados para realizar as necessidades, desejos e sonhos dos nossos clientes<\/p><p>Para atender com excel\u00eancia, contamos com um time multifuncional e focado nos objetivos da empresa. Trabalhamos para descobrirmos a forma mais eficiente, inovadora e encantadora de resolver cada o projeto. Registrados no Cau (conselho de arquitetura e urbanismo &#8211; a48374-5) e credenciados no cbmerj (corpo de bombeiros militar do estado do Rio de Janeiro &#8211; 01-301) podemos dar assist\u00eancia com credibilidade aos nossos clientes<\/p><ul><li>Projetos na medida da sua empresa.<\/li><li>Profissionais Qualificados e registrados<\/li><li>Laudos e Consultorias Personalizadas<\/li><li>Atendimento dedicado.<\/li><\/ul>\t\t\t\t\t\t<\/div>\n\t\t\t\t<\/div>\n\t\t\t\t\t<\/div>\n\t\t<\/div>\n\t\t\t\t\t\t\t<\/div>\n\t\t<\/section>\n\t\t\t\t<section class=\"elementor-section elementor-top-section elementor-element elementor-element-037b543 elementor-section-boxed elementor-section-height-default elementor-section-height-default\" data-id=\"037b543\" data-element_type=\"section\">\n\t\t\t\t\t\t<div class=\"elementor-container elementor-column-gap-default\">\n\t\t\t\t\t<div class=\"elementor-column elementor-col-50 elementor-top-column elementor-element elementor-element-0dc4eaf\" data-id=\"0dc4eaf\" data-element_type=\"column\">\n\t\t\t<div class=\"elementor-widget-wrap elementor-element-populated\">\n\t\t\t\t\t\t\t\t<div class=\"elementor-element elementor-element-2f4dfc2 elementor-widget elementor-widget-heading\" data-id=\"2f4dfc2\" data-element_type=\"widget\" data-widget_type=\"heading.default\">\n\t\t\t\t<div class=\"elementor-widget-container\">\n\t\t\t<h2 class=\"elementor-heading-title elementor-size-default\">Sobre a Empresa<\/h2>\t\t<\/div>\n\t\t\t\t<\/div>\n\t\t\t\t<div class=\"elementor-element elementor-element-6e63b2e elementor-widget elementor-widget-text-editor\" data-id=\"6e63b2e\" data-element_type=\"widget\" data-widget_type=\"text-editor.default\">\n\t\t\t\t<div class=\"elementor-widget-container\">\n\t\t\t\t\t\t\t<p style=\"background: white; vertical-align: baseline; margin: 0cm 0cm 11.25pt 0cm;\"><span style=\"font-size: 10.0pt; font-family: Roboto; color: #626262;\">Fernanda Patti Arquitetura \u00e9 um escrit\u00f3rio com experi\u00eancia profissional em projetos e execu\u00e7\u00e3o de arquitetura, de interiores, contra inc\u00eandio e p\u00e2nico nas \u00e1reas residencial, comercial e corporativa capaz de gerar valor a partir de ideias originais. Acreditamos que cada cliente exige solu\u00e7\u00f5es espec\u00edficas, por isso focamos na criatividade aliada \u00e0 solu\u00e7\u00f5es t\u00e9cnicas \u00fanicas, desenvolvendo projetos exclusivos onde a funcionalidade e a praticidade se mesclam em perfeita harmonia est\u00e9tica.<\/span><\/p>\t\t\t\t\t\t<\/div>\n\t\t\t\t<\/div>\n\t\t\t\t\t<\/div>\n\t\t<\/div>\n\t\t\t\t<div class=\"elementor-column elementor-col-50 elementor-top-column elementor-element elementor-element-66f538c\" data-id=\"66f538c\" data-element_type=\"column\">\n\t\t\t<div class=\"elementor-widget-wrap elementor-element-populated\">\n\t\t\t\t\t\t\t\t<div class=\"elementor-element elementor-element-98a5002 elementor-widget elementor-widget-heading\" data-id=\"98a5002\" data-element_type=\"widget\" data-widget_type=\"heading.default\">\n\t\t\t\t<div class=\"elementor-widget-container\">\n\t\t\t<h2 class=\"elementor-heading-title elementor-size-default\">Nossos Compromissos<\/h2>\t\t<\/div>\n\t\t\t\t<\/div>\n\t\t\t\t<div class=\"elementor-element elementor-element-8977e0e elementor-widget elementor-widget-text-editor\" data-id=\"8977e0e\" data-element_type=\"widget\" data-widget_type=\"text-editor.default\">\n\t\t\t\t<div class=\"elementor-widget-container\">\n\t\t\t\t\t\t\t<p style=\"background: white; vertical-align: baseline; margin: 0cm 0cm 11.25pt 0cm;\"><span style=\"font-size: 10.0pt; font-family: Roboto; color: #626262;\">Solucionar espa\u00e7os, atender ao programa do cliente, oferecer op\u00e7\u00f5es t\u00e9cnicas e respons\u00e1veis, fazer a diferen\u00e7a no resultado final. Obter valor e resultados atrav\u00e9s dos projetos, sempre com o foco nos objetivos dos clientes adequando este contexto aos recursos dispon\u00edveis. O valor da experi\u00eancia do Fernanda Patti Arquitetura est\u00e1 na qualidade reconhecida desses resultados e na diversidade de projetos que desenvolvemos e realizamos ao longo desses anos.<\/span><\/p>\t\t\t\t\t\t<\/div>\n\t\t\t\t<\/div>\n\t\t\t\t\t<\/div>\n\t\t<\/div>\n\t\t\t\t\t\t\t<\/div>\n\t\t<\/section>\n\t\t\t\t<section class=\"elementor-section elementor-top-section elementor-element elementor-element-3323e1b elementor-section-boxed elementor-section-height-default elementor-section-height-default\" data-id=\"3323e1b\" data-element_type=\"section\">\n\t\t\t\t\t\t<div class=\"elementor-container elementor-column-gap-default\">\n\t\t\t\t\t<div class=\"elementor-column elementor-col-100 elementor-top-column elementor-element elementor-element-b1a480a\" data-id=\"b1a480a\" data-element_type=\"column\">\n\t\t\t<div class=\"elementor-widget-wrap elementor-element-populated\">\n\t\t\t\t\t\t\t\t<div class=\"elementor-element elementor-element-408d686 elementor-widget elementor-widget-shortcode\" data-id=\"408d686\" data-element_type=\"widget\" data-widget_type=\"shortcode.default\">\n\t\t\t\t<div class=\"elementor-widget-container\">\n\t\t\t\t\t<div class=\"elementor-shortcode\"><div class=\"ti-widget ti-goog\" data-layout-id=\"15\" data-set-id=\"light-background\" data-pid=\"\" data-language=\"pt\" data-version=\"2\" data-review-target-width=\"300\" data-review-text-mode=\"readmore\" data-pager-autoplay-timeout=\"6\" > <div class=\"ti-widget-container ti-col-3\"> <div class=\"ti-reviews-container\"> <div class=\"ti-controls\"> <div class=\"ti-next\" aria-label=\"Pr\u00f3xima avalia\u00e7\u00e3o\" role=\"button\"><\/div> <div class=\"ti-prev\" aria-label=\"Avalia\u00e7\u00e3o anterior\" role=\"button\"><\/div> <\/div> <div class=\"ti-reviews-container-wrapper\">  <div class=\"ti-review-item source-Google ti-image-layout-thumbnail\" data-id=\"cfcd208495d565ef66e7dff9f98764da\" > <div class=\"ti-inner\"> <div class=\"ti-review-content\"> <span class=\"ti-stars\"><span class=\"ti-star f\"><\/span><span class=\"ti-star f\"><\/span><span class=\"ti-star f\"><\/span><span class=\"ti-star f\"><\/span><span class=\"ti-star f\"><\/span><\/span> <div class=\"ti-review-text-container ti-review-text\"><!-- R-CONTENT -->Equipe muito capacitada, me tiraram todas as d\u00favidas.<!-- R-CONTENT --><\/div> <span class=\"ti-read-more\" data-container=\".ti-review-text\" data-collapse-text=\"Esconder\" data-open-text=\"Consulte Mais informa\u00e7\u00e3o\" ><\/span> <\/div> <\/div> <div class=\"ti-review-header\"> <div class=\"ti-profile-img\"> <img decoding=\"async\" src=\"https:\/\/lh3.googleusercontent.com\/a-\/AOh14Ghfjc5pHHGGDu8IE07jgVtYwbCstqHlLKA0X3YHAg=s120-c-c-rp-w64-h64-mo-br100\" srcset=\"https:\/\/lh3.googleusercontent.com\/a-\/AOh14Ghfjc5pHHGGDu8IE07jgVtYwbCstqHlLKA0X3YHAg=s120-c-c-rp-w64-h64-mo-br100 2x\" alt=\"Bianca Matos\" loading=\"lazy\" \/> <\/div> <div class=\"ti-profile-details\"> <div class=\"ti-name\"> Bianca Matos <\/div> <div class=\"ti-date\">2022-03-29<\/div> <\/div> <\/div> <\/div>  <div class=\"ti-review-item source-Google ti-image-layout-thumbnail\" data-id=\"cfcd208495d565ef66e7dff9f98764da\" > <div class=\"ti-inner\"> <div class=\"ti-review-content\"> <span class=\"ti-stars\"><span class=\"ti-star f\"><\/span><span class=\"ti-star f\"><\/span><span class=\"ti-star f\"><\/span><span class=\"ti-star f\"><\/span><span class=\"ti-star f\"><\/span><\/span> <div class=\"ti-review-text-container ti-review-text\"><!-- R-CONTENT --><!-- R-CONTENT --><\/div> <span class=\"ti-read-more\" data-container=\".ti-review-text\" data-collapse-text=\"Esconder\" data-open-text=\"Consulte Mais informa\u00e7\u00e3o\" ><\/span> <\/div> <\/div> <div class=\"ti-review-header\"> <div class=\"ti-profile-img\"> <img decoding=\"async\" src=\"https:\/\/lh3.googleusercontent.com\/a-\/AOh14Gh0Gh4y5YM2CFsTvxyOc9pwGl5Ls532gYxNxgLDeg=s120-c-c-rp-w64-h64-mo-br100\" srcset=\"https:\/\/lh3.googleusercontent.com\/a-\/AOh14Gh0Gh4y5YM2CFsTvxyOc9pwGl5Ls532gYxNxgLDeg=s120-c-c-rp-w64-h64-mo-br100 2x\" alt=\"Suelby Ribeiro\" loading=\"lazy\" \/> <\/div> <div class=\"ti-profile-details\"> <div class=\"ti-name\"> Suelby Ribeiro <\/div> <div class=\"ti-date\">2021-11-01<\/div> <\/div> <\/div> <\/div>  <div class=\"ti-review-item source-Google ti-image-layout-thumbnail\" data-id=\"cfcd208495d565ef66e7dff9f98764da\" > <div class=\"ti-inner\"> <div class=\"ti-review-content\"> <span class=\"ti-stars\"><span class=\"ti-star f\"><\/span><span class=\"ti-star f\"><\/span><span class=\"ti-star f\"><\/span><span class=\"ti-star f\"><\/span><span class=\"ti-star f\"><\/span><\/span> <div class=\"ti-review-text-container ti-review-text\"><!-- R-CONTENT -->Totalmente profissional e comprometida. Atendem bem \u00e0s necessidades do cliente. Super recomendo!!!!!!!!!!!<!-- R-CONTENT --><\/div> <span class=\"ti-read-more\" data-container=\".ti-review-text\" data-collapse-text=\"Esconder\" data-open-text=\"Consulte Mais informa\u00e7\u00e3o\" ><\/span> <\/div> <\/div> <div class=\"ti-review-header\"> <div class=\"ti-profile-img\"> <img decoding=\"async\" src=\"https:\/\/lh3.googleusercontent.com\/a-\/AOh14GhKxCfCpGazjMGkifgY02upqCLKsa8G0wTc3cCjrw=s120-c-c-rp-w64-h64-mo-br100\" srcset=\"https:\/\/lh3.googleusercontent.com\/a-\/AOh14GhKxCfCpGazjMGkifgY02upqCLKsa8G0wTc3cCjrw=s120-c-c-rp-w64-h64-mo-br100 2x\" alt=\"Mar\u00edlia Medeiros\" loading=\"lazy\" \/> <\/div> <div class=\"ti-profile-details\"> <div class=\"ti-name\"> Mar\u00edlia Medeiros <\/div> <div class=\"ti-date\">2021-07-02<\/div> <\/div> <\/div> <\/div>  <div class=\"ti-review-item source-Google ti-image-layout-thumbnail\" data-id=\"cfcd208495d565ef66e7dff9f98764da\" > <div class=\"ti-inner\"> <div class=\"ti-review-content\"> <span class=\"ti-stars\"><span class=\"ti-star f\"><\/span><span class=\"ti-star f\"><\/span><span class=\"ti-star f\"><\/span><span class=\"ti-star f\"><\/span><span class=\"ti-star f\"><\/span><\/span> <div class=\"ti-review-text-container ti-review-text\"><!-- R-CONTENT -->\u00d3tima empresa, atende muito bem os clientes<!-- R-CONTENT --><\/div> <span class=\"ti-read-more\" data-container=\".ti-review-text\" data-collapse-text=\"Esconder\" data-open-text=\"Consulte Mais informa\u00e7\u00e3o\" ><\/span> <\/div> <\/div> <div class=\"ti-review-header\"> <div class=\"ti-profile-img\"> <img decoding=\"async\" src=\"https:\/\/lh3.googleusercontent.com\/a-\/AOh14GhcSeZdRVoPWcP7JDghIkjPfItUZpkKztXTue3E6A=s120-c-c-rp-w64-h64-mo-ba2-br100\" srcset=\"https:\/\/lh3.googleusercontent.com\/a-\/AOh14GhcSeZdRVoPWcP7JDghIkjPfItUZpkKztXTue3E6A=s120-c-c-rp-w64-h64-mo-ba2-br100 2x\" alt=\"Carlos Garcia\" loading=\"lazy\" \/> <\/div> <div class=\"ti-profile-details\"> <div class=\"ti-name\"> Carlos Garcia <\/div> <div class=\"ti-date\">2021-07-02<\/div> <\/div> <\/div> <\/div>  <div class=\"ti-review-item source-Google ti-image-layout-thumbnail\" data-id=\"cfcd208495d565ef66e7dff9f98764da\" > <div class=\"ti-inner\"> <div class=\"ti-review-content\"> <span class=\"ti-stars\"><span class=\"ti-star f\"><\/span><span class=\"ti-star f\"><\/span><span class=\"ti-star f\"><\/span><span class=\"ti-star f\"><\/span><span class=\"ti-star f\"><\/span><\/span> <div class=\"ti-review-text-container ti-review-text\"><!-- R-CONTENT --><!-- R-CONTENT --><\/div> <span class=\"ti-read-more\" data-container=\".ti-review-text\" data-collapse-text=\"Esconder\" data-open-text=\"Consulte Mais informa\u00e7\u00e3o\" ><\/span> <\/div> <\/div> <div class=\"ti-review-header\"> <div class=\"ti-profile-img\"> <img decoding=\"async\" src=\"https:\/\/lh3.googleusercontent.com\/a\/AATXAJwYWyhLQ1wQSvZnk0BSyABAb7C1c9bPm4e5vswS=s120-c-c-rp-w64-h64-mo-br100\" srcset=\"https:\/\/lh3.googleusercontent.com\/a\/AATXAJwYWyhLQ1wQSvZnk0BSyABAb7C1c9bPm4e5vswS=s120-c-c-rp-w64-h64-mo-br100 2x\" alt=\"rodrigo ferreira de pinho\" loading=\"lazy\" \/> <\/div> <div class=\"ti-profile-details\"> <div class=\"ti-name\"> rodrigo ferreira de pinho <\/div> <div class=\"ti-date\">2021-06-08<\/div> <\/div> <\/div> <\/div>  <div class=\"ti-review-item source-Google ti-image-layout-thumbnail\" data-id=\"cfcd208495d565ef66e7dff9f98764da\" > <div class=\"ti-inner\"> <div class=\"ti-review-content\"> <span class=\"ti-stars\"><span class=\"ti-star f\"><\/span><span class=\"ti-star f\"><\/span><span class=\"ti-star f\"><\/span><span class=\"ti-star f\"><\/span><span class=\"ti-star f\"><\/span><\/span> <div class=\"ti-review-text-container ti-review-text\"><!-- R-CONTENT -->Excelente trabalho. Me acompanhou desde o projeto at\u00e9 a documenta\u00e7\u00e3o final. Me auxiliou at\u00e9 mais do que eu contratei. Transformaram toda a burocracia em solu\u00e7\u00e3o, antes do prazo proposto.<!-- R-CONTENT --><\/div> <span class=\"ti-read-more\" data-container=\".ti-review-text\" data-collapse-text=\"Esconder\" data-open-text=\"Consulte Mais informa\u00e7\u00e3o\" ><\/span> <\/div> <\/div> <div class=\"ti-review-header\"> <div class=\"ti-profile-img\"> <img decoding=\"async\" src=\"https:\/\/lh3.googleusercontent.com\/a\/AATXAJy5D9lP3OUzcl8hSyLooTzptzlaU7JnOhh_SBuN=s120-c-c-rp-w64-h64-mo-br100\" srcset=\"https:\/\/lh3.googleusercontent.com\/a\/AATXAJy5D9lP3OUzcl8hSyLooTzptzlaU7JnOhh_SBuN=s120-c-c-rp-w64-h64-mo-br100 2x\" alt=\"Diana da costa rosa\" loading=\"lazy\" \/> <\/div> <div class=\"ti-profile-details\"> <div class=\"ti-name\"> Diana da costa rosa <\/div> <div class=\"ti-date\">2020-09-05<\/div> <\/div> <\/div> <\/div>  <\/div> <div class=\"ti-controls-line\"> <div class=\"dot\"><\/div> <\/div> <\/div> <div class=\"ti-footer\">  <\/div> <div class=\"ti-footer-filter-text\"><!-- FOOTER FILTER TEXT --><\/div> <\/div> <\/div> <\/div>\n\t\t\t\t<\/div>\n\t\t\t\t<\/div>\n\t\t\t\t\t<\/div>\n\t\t<\/div>\n\t\t\t\t\t\t\t<\/div>\n\t\t<\/section>\n\t\t\t\t\t\t<\/div>\n\t\t\t\t\t<\/div>\n\t\t","protected":false},"excerpt":{"rendered":"<p>Quem Somos Contamos com uma equipe de profissionais qualificados para realizar as necessidades, desejos e sonhos dos nossos clientes Para atender com excel\u00eancia, contamos com um time multifuncional e focado nos objetivos da empresa. Trabalhamos para descobrirmos a forma mais eficiente, inovadora e encantadora de resolver cada o projeto. Registrados no Cau (conselho de arquitetura [&hellip;]<\/p>\n","protected":false},"author":1,"featured_media":0,"parent":0,"menu_order":0,"comment_status":"closed","ping_status":"closed","template":"elementor_header_footer","meta":{"footnotes":""},"class_list":["post-223","page","type-page","status-publish","hentry"],"_links":{"self":[{"href":"https:\/\/fernandapattiarquitetura.com.br\/index.php?rest_route=\/wp\/v2\/pages\/223"}],"collection":[{"href":"https:\/\/fernandapattiarquitetura.com.br\/index.php?rest_route=\/wp\/v2\/pages"}],"about":[{"href":"https:\/\/fernandapattiarquitetura.com.br\/index.php?rest_route=\/wp\/v2\/types\/page"}],"author":[{"embeddable":true,"href":"https:\/\/fernandapattiarquitetura.com.br\/index.php?rest_route=\/wp\/v2\/users\/1"}],"replies":[{"embeddable":true,"href":"https:\/\/fernandapattiarquitetura.com.br\/index.php?rest_route=%2Fwp%2Fv2%2Fcomments&post=223"}],"version-history":[{"count":19,"href":"https:\/\/fernandapattiarquitetura.com.br\/index.php?rest_route=\/wp\/v2\/pages\/223\/revisions"}],"predecessor-version":[{"id":614,"href":"https:\/\/fernandapattiarquitetura.com.br\/index.php?rest_route=\/wp\/v2\/pages\/223\/revisions\/614"}],"wp:attachment":[{"href":"https:\/\/fernandapattiarquitetura.com.br\/index.php?rest_route=%2Fwp%2Fv2%2Fmedia&parent=223"}],"curies":[{"name":"wp","href":"https:\/\/api.w.org\/{rel}","templated":true}]}}